{"id":72,"date":"2026-02-24T16:29:25","date_gmt":"2026-02-24T13:29:25","guid":{"rendered":"https:\/\/cenabetcasino.com\/resmi\/gizlilik-politikasi\/"},"modified":"2026-02-24T16:29:25","modified_gmt":"2026-02-24T13:29:25","slug":"gizlilik-politikasi","status":"publish","type":"page","link":"https:\/\/cenabetcasino.com\/resmi\/gizlilik-politikasi\/","title":{"rendered":"Gizlilik Politikas\u0131"},"content":{"rendered":"<h2>Gizlilik Politikas\u0131<\/h2>\n<p><strong>Cenabetcasino.com<\/strong> casino ve resmi giri\u015f bilgisi sunan sitemizde ziyaret\u00e7i gizlili\u011fi \u00f6nceliklidir. Bu sayfa toplanan verilerin t\u00fcr\u00fcn\u00fc ve kullan\u0131m ama\u00e7lar\u0131n\u0131 \u00f6zetler.<\/p>\n<h3>Veri Toplama<\/h3>\n<p>Teknik loglar (IP, cihaz, oturum s\u00fcresi) g\u00fcvenlik ve hizmet kalitesi i\u00e7in saklanabilir.<\/p>\n<h3>\u00c7erezler<\/h3>\n<p>Site \u00e7erezleri tercih ve oturum y\u00f6netimi i\u00e7in kullan\u0131l\u0131r; taray\u0131c\u0131dan kapat\u0131labilir.<\/p>\n<h3>Payla\u015f\u0131m<\/h3>\n<p>Veriler yasal zorunluluk d\u0131\u015f\u0131nda \u00fc\u00e7\u00fcnc\u00fc taraflara verilmez.<\/p>\n<p><em>2026.<\/em><\/p>\n","protected":false},"excerpt":{"rendered":"<p>Gizlilik Politikas\u0131 Cenabetcasino.com casino ve resmi giri\u015f bilgisi sunan sitemizde ziyaret\u00e7i gizlili\u011fi \u00f6nceliklidir. Bu sayfa toplanan verilerin t\u00fcr\u00fcn\u00fc ve kullan\u0131m ama\u00e7lar\u0131n\u0131 \u00f6zetler. Veri Toplama Teknik loglar (IP, cihaz, oturum s\u00fcresi) g\u00fcvenlik ve hizmet kalitesi i\u00e7in saklanabilir. \u00c7erezler Site \u00e7erezleri tercih ve oturum y\u00f6netimi i\u00e7in kullan\u0131l\u0131r; taray\u0131c\u0131dan kapat\u0131labilir. Payla\u015f\u0131m Veriler yasal zorunluluk d\u0131\u015f\u0131nda \u00fc\u00e7\u00fcnc\u00fc taraflara verilmez. &hellip;<\/p>\n","protected":false},"author":0,"featured_media":0,"parent":0,"menu_order":0,"comment_status":"closed","ping_status":"closed","template":"","meta":{"footnotes":""},"class_list":["post-72","page","type-page","status-publish",""],"yoast_head":"<!-- This site is optimized with the Yoast SEO plugin v27.0 - https:\/\/yoast.com\/product\/yoast-seo-wordpress\/ -->\n<title>Gizlilik Politikas\u0131<\/title>\n<meta name=\"robots\" content=\"noindex, follow\" \/>\n<meta property=\"og:locale\" content=\"tr_TR\" \/>\n<meta property=\"og:type\" content=\"article\" \/>\n<meta property=\"og:title\" content=\"Gizlilik Politikas\u0131\" \/>\n<meta property=\"og:description\" content=\"Gizlilik Politikas\u0131 Cenabetcasino.com casino ve resmi giri\u015f bilgisi sunan sitemizde ziyaret\u00e7i gizlili\u011fi \u00f6nceliklidir. Bu sayfa toplanan verilerin t\u00fcr\u00fcn\u00fc ve kullan\u0131m ama\u00e7lar\u0131n\u0131 \u00f6zetler. Veri Toplama Teknik loglar (IP, cihaz, oturum s\u00fcresi) g\u00fcvenlik ve hizmet kalitesi i\u00e7in saklanabilir. \u00c7erezler Site \u00e7erezleri tercih ve oturum y\u00f6netimi i\u00e7in kullan\u0131l\u0131r; taray\u0131c\u0131dan kapat\u0131labilir. Payla\u015f\u0131m Veriler yasal zorunluluk d\u0131\u015f\u0131nda \u00fc\u00e7\u00fcnc\u00fc taraflara verilmez. &hellip;\" \/>\n<meta property=\"og:url\" content=\"https:\/\/cenabetcasino.com\/resmi\/gizlilik-politikasi\/\" \/>\n<meta property=\"og:site_name\" content=\"Cenabet Casino\" \/>\n<meta property=\"og:image\" content=\"https:\/\/cenabetcasino.com\/resmi\/wp-content\/uploads\/2024\/07\/CenaBetLogoY.webp\" \/>\n\t<meta property=\"og:image:width\" content=\"1200\" \/>\n\t<meta property=\"og:image:height\" content=\"675\" \/>\n\t<meta property=\"og:image:type\" content=\"image\/webp\" \/>\n<meta name=\"twitter:card\" content=\"summary_large_image\" \/>\n<script type=\"application\/ld+json\" class=\"yoast-schema-graph\">{\"@context\":\"https:\/\/schema.org\",\"@graph\":[{\"@type\":\"WebPage\",\"@id\":\"https:\/\/cenabetcasino.com\/resmi\/gizlilik-politikasi\/\",\"url\":\"https:\/\/cenabetcasino.com\/resmi\/gizlilik-politikasi\/\",\"name\":\"Gizlilik Politikas\u0131\",\"isPartOf\":{\"@id\":\"https:\/\/cenabetcasino.com\/resmi\/#website\"},\"datePublished\":\"2026-02-24T13:29:25+00:00\",\"breadcrumb\":{\"@id\":\"https:\/\/cenabetcasino.com\/resmi\/gizlilik-politikasi\/#breadcrumb\"},\"inLanguage\":\"tr\",\"potentialAction\":[{\"@type\":\"ReadAction\",\"target\":[\"https:\/\/cenabetcasino.com\/resmi\/gizlilik-politikasi\/\"]}]},{\"@type\":\"BreadcrumbList\",\"@id\":\"https:\/\/cenabetcasino.com\/resmi\/gizlilik-politikasi\/#breadcrumb\",\"itemListElement\":[{\"@type\":\"ListItem\",\"position\":1,\"name\":\"Anasayfa\",\"item\":\"https:\/\/cenabetcasino.com\/resmi\/\"},{\"@type\":\"ListItem\",\"position\":2,\"name\":\"Gizlilik Politikas\u0131\"}]},{\"@type\":\"WebSite\",\"@id\":\"https:\/\/cenabetcasino.com\/resmi\/#website\",\"url\":\"https:\/\/cenabetcasino.com\/resmi\/\",\"name\":\"Cenabet Casino\",\"description\":\"\",\"publisher\":{\"@id\":\"https:\/\/cenabetcasino.com\/resmi\/#organization\"},\"alternateName\":\"Cenabet\",\"potentialAction\":[{\"@type\":\"SearchAction\",\"target\":{\"@type\":\"EntryPoint\",\"urlTemplate\":\"https:\/\/cenabetcasino.com\/resmi\/?s={search_term_string}\"},\"query-input\":{\"@type\":\"PropertyValueSpecification\",\"valueRequired\":true,\"valueName\":\"search_term_string\"}}],\"inLanguage\":\"tr\"},{\"@type\":\"Organization\",\"@id\":\"https:\/\/cenabetcasino.com\/resmi\/#organization\",\"name\":\"Cenabet Casino\",\"alternateName\":\"Cenabet\",\"url\":\"https:\/\/cenabetcasino.com\/resmi\/\",\"logo\":{\"@type\":\"ImageObject\",\"inLanguage\":\"tr\",\"@id\":\"https:\/\/cenabetcasino.com\/resmi\/#\/schema\/logo\/image\/\",\"url\":\"https:\/\/cenabetcasino.com\/wp-content\/uploads\/2024\/07\/CenaBetLogoK.webp\",\"contentUrl\":\"https:\/\/cenabetcasino.com\/wp-content\/uploads\/2024\/07\/CenaBetLogoK.webp\",\"width\":696,\"height\":696,\"caption\":\"Cenabet Casino\"},\"image\":{\"@id\":\"https:\/\/cenabetcasino.com\/resmi\/#\/schema\/logo\/image\/\"}}]}<\/script>\n<!-- \/ Yoast SEO plugin. -->","yoast_head_json":{"title":"Gizlilik Politikas\u0131","robots":{"index":"noindex","follow":"follow"},"og_locale":"tr_TR","og_type":"article","og_title":"Gizlilik Politikas\u0131","og_description":"Gizlilik Politikas\u0131 Cenabetcasino.com casino ve resmi giri\u015f bilgisi sunan sitemizde ziyaret\u00e7i gizlili\u011fi \u00f6nceliklidir. Bu sayfa toplanan verilerin t\u00fcr\u00fcn\u00fc ve kullan\u0131m ama\u00e7lar\u0131n\u0131 \u00f6zetler. Veri Toplama Teknik loglar (IP, cihaz, oturum s\u00fcresi) g\u00fcvenlik ve hizmet kalitesi i\u00e7in saklanabilir. \u00c7erezler Site \u00e7erezleri tercih ve oturum y\u00f6netimi i\u00e7in kullan\u0131l\u0131r; taray\u0131c\u0131dan kapat\u0131labilir. Payla\u015f\u0131m Veriler yasal zorunluluk d\u0131\u015f\u0131nda \u00fc\u00e7\u00fcnc\u00fc taraflara verilmez. &hellip;","og_url":"https:\/\/cenabetcasino.com\/resmi\/gizlilik-politikasi\/","og_site_name":"Cenabet Casino","og_image":[{"width":1200,"height":675,"url":"https:\/\/cenabetcasino.com\/resmi\/wp-content\/uploads\/2024\/07\/CenaBetLogoY.webp","type":"image\/webp"}],"twitter_card":"summary_large_image","schema":{"@context":"https:\/\/schema.org","@graph":[{"@type":"WebPage","@id":"https:\/\/cenabetcasino.com\/resmi\/gizlilik-politikasi\/","url":"https:\/\/cenabetcasino.com\/resmi\/gizlilik-politikasi\/","name":"Gizlilik Politikas\u0131","isPartOf":{"@id":"https:\/\/cenabetcasino.com\/resmi\/#website"},"datePublished":"2026-02-24T13:29:25+00:00","breadcrumb":{"@id":"https:\/\/cenabetcasino.com\/resmi\/gizlilik-politikasi\/#breadcrumb"},"inLanguage":"tr","potentialAction":[{"@type":"ReadAction","target":["https:\/\/cenabetcasino.com\/resmi\/gizlilik-politikasi\/"]}]},{"@type":"BreadcrumbList","@id":"https:\/\/cenabetcasino.com\/resmi\/gizlilik-politikasi\/#breadcrumb","itemListElement":[{"@type":"ListItem","position":1,"name":"Anasayfa","item":"https:\/\/cenabetcasino.com\/resmi\/"},{"@type":"ListItem","position":2,"name":"Gizlilik Politikas\u0131"}]},{"@type":"WebSite","@id":"https:\/\/cenabetcasino.com\/resmi\/#website","url":"https:\/\/cenabetcasino.com\/resmi\/","name":"Cenabet Casino","description":"","publisher":{"@id":"https:\/\/cenabetcasino.com\/resmi\/#organization"},"alternateName":"Cenabet","potentialAction":[{"@type":"SearchAction","target":{"@type":"EntryPoint","urlTemplate":"https:\/\/cenabetcasino.com\/resmi\/?s={search_term_string}"},"query-input":{"@type":"PropertyValueSpecification","valueRequired":true,"valueName":"search_term_string"}}],"inLanguage":"tr"},{"@type":"Organization","@id":"https:\/\/cenabetcasino.com\/resmi\/#organization","name":"Cenabet Casino","alternateName":"Cenabet","url":"https:\/\/cenabetcasino.com\/resmi\/","logo":{"@type":"ImageObject","inLanguage":"tr","@id":"https:\/\/cenabetcasino.com\/resmi\/#\/schema\/logo\/image\/","url":"https:\/\/cenabetcasino.com\/wp-content\/uploads\/2024\/07\/CenaBetLogoK.webp","contentUrl":"https:\/\/cenabetcasino.com\/wp-content\/uploads\/2024\/07\/CenaBetLogoK.webp","width":696,"height":696,"caption":"Cenabet Casino"},"image":{"@id":"https:\/\/cenabetcasino.com\/resmi\/#\/schema\/logo\/image\/"}}]}},"_links":{"self":[{"href":"https:\/\/cenabetcasino.com\/resmi\/wp-json\/wp\/v2\/pages\/72","targetHints":{"allow":["GET"]}}],"collection":[{"href":"https:\/\/cenabetcasino.com\/resmi\/wp-json\/wp\/v2\/pages"}],"about":[{"href":"https:\/\/cenabetcasino.com\/resmi\/wp-json\/wp\/v2\/types\/page"}],"replies":[{"embeddable":true,"href":"https:\/\/cenabetcasino.com\/resmi\/wp-json\/wp\/v2\/comments?post=72"}],"version-history":[{"count":0,"href":"https:\/\/cenabetcasino.com\/resmi\/wp-json\/wp\/v2\/pages\/72\/revisions"}],"wp:attachment":[{"href":"https:\/\/cenabetcasino.com\/resmi\/wp-json\/wp\/v2\/media?parent=72"}],"curies":[{"name":"wp","href":"https:\/\/api.w.org\/{rel}","templated":true}]}}