{"id":73,"date":"2026-02-24T16:29:26","date_gmt":"2026-02-24T13:29:26","guid":{"rendered":"https:\/\/cenabetcasino.com\/resmi\/kullanim-kosullari\/"},"modified":"2026-02-24T16:29:26","modified_gmt":"2026-02-24T13:29:26","slug":"kullanim-kosullari","status":"publish","type":"page","link":"https:\/\/cenabetcasino.com\/resmi\/kullanim-kosullari\/","title":{"rendered":"Kullan\u0131m Ko\u015fullar\u0131"},"content":{"rendered":"<h2>Kullan\u0131m Ko\u015fullar\u0131<\/h2>\n<p><strong>Cenabetcasino.com<\/strong> resmi giri\u015f sayfas\u0131 kullan\u0131m\u0131 bu ko\u015fullara tabidir.<\/p>\n<h3>Genel<\/h3>\n<p>\u0130\u00e7erikler bilgilendirme ama\u00e7l\u0131d\u0131r; yerel yasalara uyum kullan\u0131c\u0131ya aittir.<\/p>\n<h3>K\u0131s\u0131tlamalar<\/h3>\n<p>Otomatik eri\u015fim, kaz\u0131ma ve altyap\u0131ya m\u00fcdahale yasakt\u0131r.<\/p>\n<h3>Telif<\/h3>\n<p>\u0130\u00e7erik Cenabetcasino.com ile ili\u015fkilidir; izinsiz kullan\u0131m kabul edilmez.<\/p>\n<p><em>2026.<\/em><\/p>\n","protected":false},"excerpt":{"rendered":"<p>Kullan\u0131m Ko\u015fullar\u0131 Cenabetcasino.com resmi giri\u015f sayfas\u0131 kullan\u0131m\u0131 bu ko\u015fullara tabidir. Genel \u0130\u00e7erikler bilgilendirme ama\u00e7l\u0131d\u0131r; yerel yasalara uyum kullan\u0131c\u0131ya aittir. K\u0131s\u0131tlamalar Otomatik eri\u015fim, kaz\u0131ma ve altyap\u0131ya m\u00fcdahale yasakt\u0131r. Telif \u0130\u00e7erik Cenabetcasino.com ile ili\u015fkilidir; izinsiz kullan\u0131m kabul edilmez. 2026.<\/p>\n","protected":false},"author":0,"featured_media":0,"parent":0,"menu_order":0,"comment_status":"closed","ping_status":"closed","template":"","meta":{"footnotes":""},"class_list":["post-73","page","type-page","status-publish",""],"yoast_head":"<!-- This site is optimized with the Yoast SEO plugin v27.0 - https:\/\/yoast.com\/product\/yoast-seo-wordpress\/ -->\n<title>Kullan\u0131m Ko\u015fullar\u0131<\/title>\n<meta name=\"robots\" content=\"noindex, follow\" \/>\n<meta property=\"og:locale\" content=\"tr_TR\" \/>\n<meta property=\"og:type\" content=\"article\" \/>\n<meta property=\"og:title\" content=\"Kullan\u0131m Ko\u015fullar\u0131\" \/>\n<meta property=\"og:description\" content=\"Kullan\u0131m Ko\u015fullar\u0131 Cenabetcasino.com resmi giri\u015f sayfas\u0131 kullan\u0131m\u0131 bu ko\u015fullara tabidir. Genel \u0130\u00e7erikler bilgilendirme ama\u00e7l\u0131d\u0131r; yerel yasalara uyum kullan\u0131c\u0131ya aittir. K\u0131s\u0131tlamalar Otomatik eri\u015fim, kaz\u0131ma ve altyap\u0131ya m\u00fcdahale yasakt\u0131r. Telif \u0130\u00e7erik Cenabetcasino.com ile ili\u015fkilidir; izinsiz kullan\u0131m kabul edilmez. 2026.\" \/>\n<meta property=\"og:url\" content=\"https:\/\/cenabetcasino.com\/resmi\/kullanim-kosullari\/\" \/>\n<meta property=\"og:site_name\" content=\"Cenabet Casino\" \/>\n<meta property=\"og:image\" content=\"https:\/\/cenabetcasino.com\/resmi\/wp-content\/uploads\/2024\/07\/CenaBetLogoY.webp\" \/>\n\t<meta property=\"og:image:width\" content=\"1200\" \/>\n\t<meta property=\"og:image:height\" content=\"675\" \/>\n\t<meta property=\"og:image:type\" content=\"image\/webp\" \/>\n<meta name=\"twitter:card\" content=\"summary_large_image\" \/>\n<script type=\"application\/ld+json\" class=\"yoast-schema-graph\">{\"@context\":\"https:\/\/schema.org\",\"@graph\":[{\"@type\":\"WebPage\",\"@id\":\"https:\/\/cenabetcasino.com\/resmi\/kullanim-kosullari\/\",\"url\":\"https:\/\/cenabetcasino.com\/resmi\/kullanim-kosullari\/\",\"name\":\"Kullan\u0131m Ko\u015fullar\u0131\",\"isPartOf\":{\"@id\":\"https:\/\/cenabetcasino.com\/resmi\/#website\"},\"datePublished\":\"2026-02-24T13:29:26+00:00\",\"breadcrumb\":{\"@id\":\"https:\/\/cenabetcasino.com\/resmi\/kullanim-kosullari\/#breadcrumb\"},\"inLanguage\":\"tr\",\"potentialAction\":[{\"@type\":\"ReadAction\",\"target\":[\"https:\/\/cenabetcasino.com\/resmi\/kullanim-kosullari\/\"]}]},{\"@type\":\"BreadcrumbList\",\"@id\":\"https:\/\/cenabetcasino.com\/resmi\/kullanim-kosullari\/#breadcrumb\",\"itemListElement\":[{\"@type\":\"ListItem\",\"position\":1,\"name\":\"Anasayfa\",\"item\":\"https:\/\/cenabetcasino.com\/resmi\/\"},{\"@type\":\"ListItem\",\"position\":2,\"name\":\"Kullan\u0131m Ko\u015fullar\u0131\"}]},{\"@type\":\"WebSite\",\"@id\":\"https:\/\/cenabetcasino.com\/resmi\/#website\",\"url\":\"https:\/\/cenabetcasino.com\/resmi\/\",\"name\":\"Cenabet Casino\",\"description\":\"\",\"publisher\":{\"@id\":\"https:\/\/cenabetcasino.com\/resmi\/#organization\"},\"alternateName\":\"Cenabet\",\"potentialAction\":[{\"@type\":\"SearchAction\",\"target\":{\"@type\":\"EntryPoint\",\"urlTemplate\":\"https:\/\/cenabetcasino.com\/resmi\/?s={search_term_string}\"},\"query-input\":{\"@type\":\"PropertyValueSpecification\",\"valueRequired\":true,\"valueName\":\"search_term_string\"}}],\"inLanguage\":\"tr\"},{\"@type\":\"Organization\",\"@id\":\"https:\/\/cenabetcasino.com\/resmi\/#organization\",\"name\":\"Cenabet Casino\",\"alternateName\":\"Cenabet\",\"url\":\"https:\/\/cenabetcasino.com\/resmi\/\",\"logo\":{\"@type\":\"ImageObject\",\"inLanguage\":\"tr\",\"@id\":\"https:\/\/cenabetcasino.com\/resmi\/#\/schema\/logo\/image\/\",\"url\":\"https:\/\/cenabetcasino.com\/wp-content\/uploads\/2024\/07\/CenaBetLogoK.webp\",\"contentUrl\":\"https:\/\/cenabetcasino.com\/wp-content\/uploads\/2024\/07\/CenaBetLogoK.webp\",\"width\":696,\"height\":696,\"caption\":\"Cenabet Casino\"},\"image\":{\"@id\":\"https:\/\/cenabetcasino.com\/resmi\/#\/schema\/logo\/image\/\"}}]}<\/script>\n<!-- \/ Yoast SEO plugin. -->","yoast_head_json":{"title":"Kullan\u0131m Ko\u015fullar\u0131","robots":{"index":"noindex","follow":"follow"},"og_locale":"tr_TR","og_type":"article","og_title":"Kullan\u0131m Ko\u015fullar\u0131","og_description":"Kullan\u0131m Ko\u015fullar\u0131 Cenabetcasino.com resmi giri\u015f sayfas\u0131 kullan\u0131m\u0131 bu ko\u015fullara tabidir. Genel \u0130\u00e7erikler bilgilendirme ama\u00e7l\u0131d\u0131r; yerel yasalara uyum kullan\u0131c\u0131ya aittir. K\u0131s\u0131tlamalar Otomatik eri\u015fim, kaz\u0131ma ve altyap\u0131ya m\u00fcdahale yasakt\u0131r. Telif \u0130\u00e7erik Cenabetcasino.com ile ili\u015fkilidir; izinsiz kullan\u0131m kabul edilmez. 2026.","og_url":"https:\/\/cenabetcasino.com\/resmi\/kullanim-kosullari\/","og_site_name":"Cenabet Casino","og_image":[{"width":1200,"height":675,"url":"https:\/\/cenabetcasino.com\/resmi\/wp-content\/uploads\/2024\/07\/CenaBetLogoY.webp","type":"image\/webp"}],"twitter_card":"summary_large_image","schema":{"@context":"https:\/\/schema.org","@graph":[{"@type":"WebPage","@id":"https:\/\/cenabetcasino.com\/resmi\/kullanim-kosullari\/","url":"https:\/\/cenabetcasino.com\/resmi\/kullanim-kosullari\/","name":"Kullan\u0131m Ko\u015fullar\u0131","isPartOf":{"@id":"https:\/\/cenabetcasino.com\/resmi\/#website"},"datePublished":"2026-02-24T13:29:26+00:00","breadcrumb":{"@id":"https:\/\/cenabetcasino.com\/resmi\/kullanim-kosullari\/#breadcrumb"},"inLanguage":"tr","potentialAction":[{"@type":"ReadAction","target":["https:\/\/cenabetcasino.com\/resmi\/kullanim-kosullari\/"]}]},{"@type":"BreadcrumbList","@id":"https:\/\/cenabetcasino.com\/resmi\/kullanim-kosullari\/#breadcrumb","itemListElement":[{"@type":"ListItem","position":1,"name":"Anasayfa","item":"https:\/\/cenabetcasino.com\/resmi\/"},{"@type":"ListItem","position":2,"name":"Kullan\u0131m Ko\u015fullar\u0131"}]},{"@type":"WebSite","@id":"https:\/\/cenabetcasino.com\/resmi\/#website","url":"https:\/\/cenabetcasino.com\/resmi\/","name":"Cenabet Casino","description":"","publisher":{"@id":"https:\/\/cenabetcasino.com\/resmi\/#organization"},"alternateName":"Cenabet","potentialAction":[{"@type":"SearchAction","target":{"@type":"EntryPoint","urlTemplate":"https:\/\/cenabetcasino.com\/resmi\/?s={search_term_string}"},"query-input":{"@type":"PropertyValueSpecification","valueRequired":true,"valueName":"search_term_string"}}],"inLanguage":"tr"},{"@type":"Organization","@id":"https:\/\/cenabetcasino.com\/resmi\/#organization","name":"Cenabet Casino","alternateName":"Cenabet","url":"https:\/\/cenabetcasino.com\/resmi\/","logo":{"@type":"ImageObject","inLanguage":"tr","@id":"https:\/\/cenabetcasino.com\/resmi\/#\/schema\/logo\/image\/","url":"https:\/\/cenabetcasino.com\/wp-content\/uploads\/2024\/07\/CenaBetLogoK.webp","contentUrl":"https:\/\/cenabetcasino.com\/wp-content\/uploads\/2024\/07\/CenaBetLogoK.webp","width":696,"height":696,"caption":"Cenabet Casino"},"image":{"@id":"https:\/\/cenabetcasino.com\/resmi\/#\/schema\/logo\/image\/"}}]}},"_links":{"self":[{"href":"https:\/\/cenabetcasino.com\/resmi\/wp-json\/wp\/v2\/pages\/73","targetHints":{"allow":["GET"]}}],"collection":[{"href":"https:\/\/cenabetcasino.com\/resmi\/wp-json\/wp\/v2\/pages"}],"about":[{"href":"https:\/\/cenabetcasino.com\/resmi\/wp-json\/wp\/v2\/types\/page"}],"replies":[{"embeddable":true,"href":"https:\/\/cenabetcasino.com\/resmi\/wp-json\/wp\/v2\/comments?post=73"}],"version-history":[{"count":0,"href":"https:\/\/cenabetcasino.com\/resmi\/wp-json\/wp\/v2\/pages\/73\/revisions"}],"wp:attachment":[{"href":"https:\/\/cenabetcasino.com\/resmi\/wp-json\/wp\/v2\/media?parent=73"}],"curies":[{"name":"wp","href":"https:\/\/api.w.org\/{rel}","templated":true}]}}